{"id":71,"date":"2019-08-31T19:47:52","date_gmt":"2019-08-31T19:47:52","guid":{"rendered":"http:\/\/page.hno-gengenbach.de\/?page_id=71"},"modified":"2024-11-29T21:08:06","modified_gmt":"2024-11-29T21:08:06","slug":"team","status":"publish","type":"page","link":"https:\/\/www.hno-gengenbach.de\/?page_id=71","title":{"rendered":"TEAM"},"content":{"rendered":"\n<p><\/p>\n\n\n\n<p><strong>Dr. med. Christian DAXER<\/strong><br>Hals-Nasen-Ohrenarzt<\/p>\n\n\n\n<p><strong>Fachgebiete<\/strong> : HNO, Allergologie, ambulante Operationen, Akupunktur, Schlafmedizin<br><strong>Studienorte<\/strong> : Freiburg und Wien<\/p>\n\n\n\n<details class=\"wp-block-details is-layout-flow wp-block-details-is-layout-flow\"><summary><strong>beruflicher Werdegang<\/strong><\/summary>\n<figure class=\"wp-block-table\"><table><tbody><tr><td><strong>1997<\/strong> <br><strong>1997-2004<\/strong> <br><strong>1999<\/strong> <br><strong>2002<\/strong> <br><strong>2003<\/strong> <br><strong>2004<\/strong> <br><br><strong>2005<\/strong> <br><strong>2005 &#8211; heute<\/strong> <br><strong>2016 <\/strong><\/td><td>Approbation<br>HNO-Universit\u00e4tsklinik Freiburg<br>Bnai Zion Hospital Haifa\/Israel<br>Akupunktur A-Diplom<br>Facharzt f\u00fcr HNO-Heilkunde<br>Niederlassung Praxis f\u00fcr HNO-Heilkunde in Gengenbach, <br>Kooperationsvertrag mit dem Ortenauklinikum Offenburg zur ambulanten Operation<br>Mitgr\u00fcnder der Gesundes Kinzigtal-GmbH<br>\u00c4rztlicher Beirat der Gesundes Kinzigtal GmbH<br>Schlafmedizinische Zusatzqualifikation (Universit\u00e4t Mannheim)<\/td><\/tr><\/tbody><\/table><\/figure>\n<\/details>\n\n\n\n<hr class=\"wp-block-separator has-alpha-channel-opacity is-style-default\"\/>\n\n\n\n<p><strong>Alexandra SPINNER<\/strong><br>Medizinische Fachangestellte<\/p>\n\n\n\n<p><strong>Schwerpunkte<\/strong> : Allergologie, Hygiene-Fachkraft, Ausbildungsbeauftragte, QMB<\/p>\n\n\n\n<hr class=\"wp-block-separator has-alpha-channel-opacity\"\/>\n\n\n\n<p><strong>Julia ENDERLE<\/strong><br>MTRA<\/p>\n\n\n\n<p><strong>Schwerpunkte <\/strong>: Allergologie, Labor<\/p>\n\n\n\n<hr class=\"wp-block-separator has-alpha-channel-opacity\"\/>\n\n\n\n<p><strong>Ines REIS<\/strong><br>Medizinische Fachangestellte <\/p>\n\n\n\n<p><strong>Schwerpunkte<\/strong> : Allergologie, Neurootologische Diagnostik<\/p>\n\n\n\n<hr class=\"wp-block-separator has-alpha-channel-opacity\"\/>\n\n\n\n<p><strong>Sonja B\u00dcHLER<\/strong><br>Medizinische Fachangestellte<\/p>\n\n\n\n<p><strong>Schwerpunkte<\/strong> : Allergologie, Hygiene-Fachkraft, QMB<br><\/p>\n","protected":false},"excerpt":{"rendered":"<p>Dr. med. Christian DAXERHals-Nasen-Ohrenarzt Fachgebiete : HNO, Allergologie, ambulante Operationen, Akupunktur, SchlafmedizinStudienorte : Freiburg und Wien Alexandra SPINNERMedizinische Fachangestellte Schwerpunkte : Allergologie, Hygiene-Fachkraft, Ausbildungsbeauftragte, QMB Julia ENDERLEMTRA Schwerpunkte : Allergologie, &#8230; <a title=\"TEAM\" class=\"read-more\" href=\"https:\/\/www.hno-gengenbach.de\/?page_id=71\" aria-label=\"Mehr Informationen \u00fcber TEAM\">Weiterlesen<\/a><\/p>\n","protected":false},"author":1,"featured_media":0,"parent":0,"menu_order":0,"comment_status":"closed","ping_status":"closed","template":"","meta":{"_eb_attr":"","footnotes":""},"class_list":["post-71","page","type-page","status-publish"],"_links":{"self":[{"href":"https:\/\/www.hno-gengenbach.de\/index.php?rest_route=\/wp\/v2\/pages\/71","targetHints":{"allow":["GET"]}}],"collection":[{"href":"https:\/\/www.hno-gengenbach.de\/index.php?rest_route=\/wp\/v2\/pages"}],"about":[{"href":"https:\/\/www.hno-gengenbach.de\/index.php?rest_route=\/wp\/v2\/types\/page"}],"author":[{"embeddable":true,"href":"https:\/\/www.hno-gengenbach.de\/index.php?rest_route=\/wp\/v2\/users\/1"}],"replies":[{"embeddable":true,"href":"https:\/\/www.hno-gengenbach.de\/index.php?rest_route=%2Fwp%2Fv2%2Fcomments&post=71"}],"version-history":[{"count":23,"href":"https:\/\/www.hno-gengenbach.de\/index.php?rest_route=\/wp\/v2\/pages\/71\/revisions"}],"predecessor-version":[{"id":716,"href":"https:\/\/www.hno-gengenbach.de\/index.php?rest_route=\/wp\/v2\/pages\/71\/revisions\/716"}],"wp:attachment":[{"href":"https:\/\/www.hno-gengenbach.de\/index.php?rest_route=%2Fwp%2Fv2%2Fmedia&parent=71"}],"curies":[{"name":"wp","href":"https:\/\/api.w.org\/{rel}","templated":true}]}}