{"id":454,"date":"2022-10-02T10:04:07","date_gmt":"2022-10-02T10:04:07","guid":{"rendered":"https:\/\/www.hno-gengenbach.de\/?page_id=454"},"modified":"2026-02-03T20:58:12","modified_gmt":"2026-02-03T20:58:12","slug":"kontakt","status":"publish","type":"page","link":"https:\/\/www.hno-gengenbach.de\/?page_id=454","title":{"rendered":"TERMINE online &#038; KONTAKT"},"content":{"rendered":"\n<p>Seit 08.01.2024 haben wir f\u00fcr Sie die online Terminbuchung eingerichtet und freigeschaltet. Eine Terminbuchung oder sonstige Kommunikation per E-Mail wird ab jetzt nicht mehr bearbeitet! Sie k\u00f6nnen uns auch telefonisch erreichen, oder kommen pers\u00f6nlich vorbei.<br>Es ist leider aufgrund des hohen Patientenaufkommens nicht immer m\u00f6glich das Telefon zu jeder Tageszeit zu bedienen.<br>Die Versorgung und Behandlung der PatientInnen in der Praxis haben hier Priorit\u00e4t.<\/p>\n\n\n\n<p class=\"has-accent-color has-text-color\"><iframe name=\"samedi-widget\" src=\"https:\/\/termin.samedi.de\/b\/hno-praxis-dr-christian-daxer?ref=doctors-website\" frameborder=\"0\" border=\"0\" cellspacing=\"0\" style=\"width: 100%; min-width: 600px; height: 100%; min-height: 600px;\"><\/iframe><\/p>\n\n\n\n<hr class=\"wp-block-separator has-alpha-channel-opacity\"\/>\n\n\n\n<p><\/p>\n\n\n\n<p>F\u00fcr sonstige Anfragen stehen wir Ihnen weiterhin telefonsich zur Verf\u00fcgung. <br>Telefon  <strong>07803-4121<\/strong><\/p>\n\n\n\n<p><\/p>\n","protected":false},"excerpt":{"rendered":"<p>Seit 08.01.2024 haben wir f\u00fcr Sie die online Terminbuchung eingerichtet und freigeschaltet. Eine Terminbuchung oder sonstige Kommunikation per E-Mail wird ab jetzt nicht mehr bearbeitet! Sie k\u00f6nnen uns auch telefonisch &#8230; <a title=\"TERMINE online &#038; KONTAKT\" class=\"read-more\" href=\"https:\/\/www.hno-gengenbach.de\/?page_id=454\" aria-label=\"Mehr Informationen \u00fcber TERMINE online &#038; KONTAKT\">Weiterlesen<\/a><\/p>\n","protected":false},"author":1,"featured_media":486,"parent":0,"menu_order":0,"comment_status":"closed","ping_status":"closed","template":"","meta":{"_eb_attr":"","footnotes":""},"class_list":["post-454","page","type-page","status-publish","has-post-thumbnail"],"_links":{"self":[{"href":"https:\/\/www.hno-gengenbach.de\/index.php?rest_route=\/wp\/v2\/pages\/454","targetHints":{"allow":["GET"]}}],"collection":[{"href":"https:\/\/www.hno-gengenbach.de\/index.php?rest_route=\/wp\/v2\/pages"}],"about":[{"href":"https:\/\/www.hno-gengenbach.de\/index.php?rest_route=\/wp\/v2\/types\/page"}],"author":[{"embeddable":true,"href":"https:\/\/www.hno-gengenbach.de\/index.php?rest_route=\/wp\/v2\/users\/1"}],"replies":[{"embeddable":true,"href":"https:\/\/www.hno-gengenbach.de\/index.php?rest_route=%2Fwp%2Fv2%2Fcomments&post=454"}],"version-history":[{"count":26,"href":"https:\/\/www.hno-gengenbach.de\/index.php?rest_route=\/wp\/v2\/pages\/454\/revisions"}],"predecessor-version":[{"id":853,"href":"https:\/\/www.hno-gengenbach.de\/index.php?rest_route=\/wp\/v2\/pages\/454\/revisions\/853"}],"wp:featuredmedia":[{"embeddable":true,"href":"https:\/\/www.hno-gengenbach.de\/index.php?rest_route=\/wp\/v2\/media\/486"}],"wp:attachment":[{"href":"https:\/\/www.hno-gengenbach.de\/index.php?rest_route=%2Fwp%2Fv2%2Fmedia&parent=454"}],"curies":[{"name":"wp","href":"https:\/\/api.w.org\/{rel}","templated":true}]}}