{"id":305,"date":"2020-12-22T16:45:37","date_gmt":"2020-12-22T16:45:37","guid":{"rendered":"https:\/\/www.hno-gengenbach.de\/?page_id=305"},"modified":"2022-11-12T16:29:36","modified_gmt":"2022-11-12T16:29:36","slug":"impressu","status":"publish","type":"page","link":"https:\/\/www.hno-gengenbach.de\/?page_id=305","title":{"rendered":"Impressum"},"content":{"rendered":"\n<p>Verantwortlich im Sinne des Presserechts<\/p>\n\n\n\n<p><strong>Dr. med. Christian Daxer<\/strong><br>Gesetzliche Berufsbezeichnung(en):<br>Facharzt f\u00fcr Hals-Nasen-Ohrenheilkunde<br>Staat in dem diese verliehen wurde(n): Deutschland<\/p>\n\n\n\n<p>Leutkirchstra\u00dfe 16<br>77723 Gengenbach<\/p>\n\n\n\n<p><strong>Telefon:<\/strong> 07803 \/ 4121<br><strong>Fax:<\/strong> 07803 \/ 40721<br><strong>E-Mail:<\/strong> praxis@hno-gengenbach.de<\/p>\n\n\n\n<p>Die nachstehenden Verlinkungen f\u00fchren Sie zu der Webseite der angegebenen (Landes-)\u00c4rztekammer und Kassen\u00e4rztlichen Vereinigung (KV).<br>Auf der Webseite der (Landes-)\u00c4rztekammer finden Sie auch die geltenden berufsrechtlichen Regelungen.<\/p>\n\n\n\n<p>\u00c4rztekammer: <a href=\"https:\/\/www.aerztekammer-bw.de\/\" target=\"_blank\" rel=\"noreferrer noopener\">Landes\u00e4rztekammer Baden-W\u00fcrttemberg<\/a><br>Kassen\u00e4rztliche Vereinigung: <a rel=\"noreferrer noopener\" href=\"https:\/\/www.kvbawue.de\/\" target=\"_blank\">KV Baden-W\u00fcrttemberg<\/a><\/p>\n\n\n\n<p><strong>Haftungsausschluss:<\/strong><br>Die Inhalte auf der Webseite wurden sorgf\u00e4ltig \u00fcberpr\u00fcft und beruhen auf dem jeweils aktuellen Stand. Der Anbieter beh\u00e4lt sich vor, die eingestellten Daten und Informationen jederzeit und ohne Vorank\u00fcndigung zu bearbeiten und zu aktualisieren. Trotz st\u00e4ndiger \u00dcberarbeitung der Webseite kann keine Haftung oder Garantie f\u00fcr Aktualit\u00e4t, Richtigkeit und Vollst\u00e4ndigkeit der bereitgestellten Informationen \u00fcbernommen werden. Die auf der Webseite zur Verf\u00fcgung gestellten Dokumente und Grafiken k\u00f6nnen Ungenauigkeiten und typografische Fehler enthalten.<br><br>Die Inhalte der Webseite sind ausschlie\u00dflich zu Informationszwecken bestimmt. Die Informationen stellen in keinerweise Ersatz f\u00fcr professionelle Beratungen oder Behandlungen durch den ausgebildeten Facharzt bzw. Fach\u00e4rztin dar. Die Inhalte d\u00fcrfen und k\u00f6nnen nicht f\u00fcr die Erstellung eigenst\u00e4ndiger Diagnosen oder f\u00fcr die Auswahl und Anwendung von Behandlungsmethoden verwendet werden.<br><br>F\u00fcr Sch\u00e4den oder Unannehmlichkeiten, die durch den Gebrauch oder Missbrauch dieser Informationen entstehen, kann die Praxis nicht \u2013 weder direkt noch indirekt \u2013 zur Verantwortung gezogen werden.<br><br>Trotz sorgf\u00e4ltiger inhaltlicher Kontrolle \u00fcbernimmt der Anbieter keine Haftung f\u00fcr die Inhalte externer Links. F\u00fcr den Inhalt der verlinkten Seiten sind ausschlie\u00dflich deren Betreiber verantwortlich.<\/p>\n\n\n\n<p>______________________________<\/p>\n\n\n\n<p><img decoding=\"async\" src=\"http:\/\/page.hno-gengenbach.de\/wp-content\/uploads\/2020\/03\/fliegesein.png\" alt=\"\" style=\"width: 50px;\"> weblayout : Jan sosein Carl , <a rel=\"noreferrer noopener\" href=\"https:\/\/www.sosign.de\" target=\"_blank\">www.sosign.de<\/a> ,<\/p>\n","protected":false},"excerpt":{"rendered":"<p>Verantwortlich im Sinne des Presserechts Dr. med. Christian DaxerGesetzliche Berufsbezeichnung(en):Facharzt f\u00fcr Hals-Nasen-OhrenheilkundeStaat in dem diese verliehen wurde(n): Deutschland Leutkirchstra\u00dfe 1677723 Gengenbach Telefon: 07803 \/ 4121Fax: 07803 \/ 40721E-Mail: praxis@hno-gengenbach.de Die &#8230; <a title=\"Impressum\" class=\"read-more\" href=\"https:\/\/www.hno-gengenbach.de\/?page_id=305\" aria-label=\"Mehr Informationen \u00fcber Impressum\">Weiterlesen<\/a><\/p>\n","protected":false},"author":1,"featured_media":295,"parent":0,"menu_order":0,"comment_status":"closed","ping_status":"closed","template":"","meta":{"_eb_attr":"","footnotes":""},"class_list":["post-305","page","type-page","status-publish","has-post-thumbnail"],"_links":{"self":[{"href":"https:\/\/www.hno-gengenbach.de\/index.php?rest_route=\/wp\/v2\/pages\/305","targetHints":{"allow":["GET"]}}],"collection":[{"href":"https:\/\/www.hno-gengenbach.de\/index.php?rest_route=\/wp\/v2\/pages"}],"about":[{"href":"https:\/\/www.hno-gengenbach.de\/index.php?rest_route=\/wp\/v2\/types\/page"}],"author":[{"embeddable":true,"href":"https:\/\/www.hno-gengenbach.de\/index.php?rest_route=\/wp\/v2\/users\/1"}],"replies":[{"embeddable":true,"href":"https:\/\/www.hno-gengenbach.de\/index.php?rest_route=%2Fwp%2Fv2%2Fcomments&post=305"}],"version-history":[{"count":3,"href":"https:\/\/www.hno-gengenbach.de\/index.php?rest_route=\/wp\/v2\/pages\/305\/revisions"}],"predecessor-version":[{"id":503,"href":"https:\/\/www.hno-gengenbach.de\/index.php?rest_route=\/wp\/v2\/pages\/305\/revisions\/503"}],"wp:featuredmedia":[{"embeddable":true,"href":"https:\/\/www.hno-gengenbach.de\/index.php?rest_route=\/wp\/v2\/media\/295"}],"wp:attachment":[{"href":"https:\/\/www.hno-gengenbach.de\/index.php?rest_route=%2Fwp%2Fv2%2Fmedia&parent=305"}],"curies":[{"name":"wp","href":"https:\/\/api.w.org\/{rel}","templated":true}]}}